{"id":7,"date":"2009-11-22T16:11:36","date_gmt":"2009-11-22T15:11:36","guid":{"rendered":"http:\/\/2019.economicsofeducation.com\/en\/?page_id=7"},"modified":"2026-04-21T12:43:21","modified_gmt":"2026-04-21T10:43:21","slug":"important-dates","status":"publish","type":"page","link":"https:\/\/2026.economicsofeducation.com\/es\/important-dates\/","title":{"rendered":"Fechas"},"content":{"rendered":"<div>\n<div class=\"eight columns\">\n<div class=\"gdlr-item gdlr-content-item\">\n<p>&nbsp;<\/p>\n<p><strong>Env\u00edo de res\u00famenes, comunicaciones y publicaci\u00f3n del programa:<\/strong><\/p>\n<ul>\n<li>Apertura plazo env\u00edo comunicaciones en l\u00ednea: 1 de febrero de 2026<\/li>\n<li>Fecha l\u00edmite env\u00edo comunicaciones: 8 de marzo de 2026<\/li>\n<li>Notificaci\u00f3n sobre decisi\u00f3n de comunicaciones: 7 de abril de 2026<\/li>\n<li><strong>IMPORTANTE: Si no ha recibido una comunicaci\u00f3n de AEDE respecto a la aceptaci\u00f3n de la comunicaci\u00f3n el 7 de abril, por favor, escribanos al siguiente correo electr\u00f3nico: meeting@economicsofeducation.com<\/strong><\/li>\n<\/ul>\n<p><strong>Inscripci\u00f3n:<\/strong><\/p>\n<ul>\n<li>Apertura inscripci\u00f3n en l\u00ednea: 8 de abril de 2026<\/li>\n<li>Fecha l\u00edmite inscripci\u00f3n con cuota reducida: 3 de junio de 2026<\/li>\n<li>Fecha l\u00edmite inscripci\u00f3n (con comunicaci\u00f3n): 17 de junio de 2026<\/li>\n<li>Fecha l\u00edmite inscripci\u00f3n (sin comunicaci\u00f3n): 24 de junio de 2026<\/li>\n<\/ul>\n<p><strong>Jornadas (7 &#8211; 9 Julio de 2026):<\/strong><\/p>\n<ul>\n<li>Curso \u00abTaller Machine Learning\u00bb: 7 de julio, , 17:00 &#8211; 20:30<\/li>\n<li>Comunicaciones: 8 y 9 de julio<\/li>\n<\/ul>\n<\/div>\n<\/div>\n<\/div>\n<div class=\"clear\"><\/div>\n","protected":false},"excerpt":{"rendered":"<p>&nbsp; Env\u00edo de res\u00famenes, comunicaciones y publicaci\u00f3n del programa: Apertura plazo env\u00edo comunicaciones en l\u00ednea: 1 de febrero de 2026 Fecha l\u00edmite env\u00edo comunicaciones: 8 de marzo de 2026 Notificaci\u00f3n sobre decisi\u00f3n de comunicaciones: 7 de abril de 2026 IMPORTANTE: Si no ha recibido una comunicaci\u00f3n de AEDE respecto a la aceptaci\u00f3n de la comunicaci\u00f3n&#8230; <\/p>\n<div class=\"clear\"><\/div>\n<p><a href=\"https:\/\/2026.economicsofeducation.com\/es\/important-dates\/\" class=\"gdlr-info-font excerpt-read-more\">Read More<\/a><\/p>\n","protected":false},"author":421,"featured_media":0,"parent":0,"menu_order":20,"comment_status":"closed","ping_status":"closed","template":"","meta":{"footnotes":""},"class_list":["post-7","page","type-page","status-publish","hentry"],"_links":{"self":[{"href":"https:\/\/2026.economicsofeducation.com\/es\/wp-json\/wp\/v2\/pages\/7","targetHints":{"allow":["GET"]}}],"collection":[{"href":"https:\/\/2026.economicsofeducation.com\/es\/wp-json\/wp\/v2\/pages"}],"about":[{"href":"https:\/\/2026.economicsofeducation.com\/es\/wp-json\/wp\/v2\/types\/page"}],"author":[{"embeddable":true,"href":"https:\/\/2026.economicsofeducation.com\/es\/wp-json\/wp\/v2\/users\/421"}],"replies":[{"embeddable":true,"href":"https:\/\/2026.economicsofeducation.com\/es\/wp-json\/wp\/v2\/comments?post=7"}],"version-history":[{"count":12,"href":"https:\/\/2026.economicsofeducation.com\/es\/wp-json\/wp\/v2\/pages\/7\/revisions"}],"predecessor-version":[{"id":5748,"href":"https:\/\/2026.economicsofeducation.com\/es\/wp-json\/wp\/v2\/pages\/7\/revisions\/5748"}],"wp:attachment":[{"href":"https:\/\/2026.economicsofeducation.com\/es\/wp-json\/wp\/v2\/media?parent=7"}],"curies":[{"name":"wp","href":"https:\/\/api.w.org\/{rel}","templated":true}]}}