{"id":11,"date":"2009-12-06T16:13:12","date_gmt":"2009-12-06T15:13:12","guid":{"rendered":"http:\/\/2019.economicsofeducation.com\/en\/?page_id=11"},"modified":"2026-02-03T16:37:08","modified_gmt":"2026-02-03T15:37:08","slug":"hoteles","status":"publish","type":"page","link":"https:\/\/2026.economicsofeducation.com\/es\/hoteles\/","title":{"rendered":"Hoteles"},"content":{"rendered":"<p>A continuaci\u00f3n se ofrece informaci\u00f3n sobre <strong>algunos hoteles de Logro\u00f1o<\/strong> para los asistentes al Congreso de AEDE. En algunos casos existen <strong>ofertas especiales para los participantes<\/strong>, que se indican en cada hotel.<\/p>\n<p>Dado que durante esas fechas coinciden <strong>otros eventos en la ciudad<\/strong>, lo que incrementa la demanda hotelera y los precios, se <strong>recomienda realizar la reserva con antelaci\u00f3n<\/strong>.<br \/>\nEsta informaci\u00f3n se <strong>ir\u00e1 actualizando<\/strong> a medida que se disponga de nuevos datos y ofertas.<\/p>\n<h1><strong>Hoteles con acuerdo para el Congreso AEDE<\/strong><\/h1>\n<p><strong>1. Hotel Carlton Rioja (****)<\/strong><\/p>\n<p>Direcci\u00f3n: C\/ Gran V\u00eda Juan Carlos I, 5, 26001 Logro\u00f1o<\/p>\n<ul>\n<li>30 % de descuento para reservas con al menos 90 d\u00edas de antelaci\u00f3n<\/li>\n<li>20 % de descuento hasta la fecha del encuentro<br \/>\n<em>(Descuentos aplicados sobre el precio web, seg\u00fan disponibilidad)<\/em><\/li>\n<\/ul>\n<p>La oferta incluye desayuno<\/p>\n<p>Cancelaci\u00f3n: gratuita hasta 24 horas antes<\/p>\n<p>La reserva con estas condiciones se puede realizar directamente a trav\u00e9s de este enlace:<br \/>\n<a href=\"https:\/\/www.carltonrioja.com\/jornadasaede26\/\">https:\/\/www.carltonrioja.com\/jornadasaede26\/<\/a><\/p>\n<p>Para cualquier duda o consulta acerca de la reserva pueden ponerse en contacto con el hotel indicando el c\u00f3digo de descuento asignado a esta oferta: <strong>AEDE26<\/strong><\/p>\n<p>Contacto: <a href=\"mailto:hotelcarlton@pretur.com\">hotelcarlton@pretur.com<\/a><\/p>\n<p>&nbsp;<\/p>\n<p><strong>2. Hotel Ciudad de Logro\u00f1o (***)<\/strong><\/p>\n<p>Direcci\u00f3n: C\/ Men\u00e9ndez Pelayo, 7, 26002 Logro\u00f1o<\/p>\n<ul>\n<li>20 % de descuento hasta la fecha del encuentro<br \/>\n<em>(Descuento aplicado sobre el precio web, seg\u00fan disponibilidad)<\/em><\/li>\n<\/ul>\n<p>La oferta incluye desayuno<\/p>\n<p>Cancelaci\u00f3n: gratuita hasta 24 horas antes<\/p>\n<p>La reserva con estas condiciones se puede realizar directamente a trav\u00e9s de este enlace:<br \/>\n<a href=\"https:\/\/bookings.ciudadlogrono.com\/114062?Adults=2&#038;Children=None&#038;discount=aede26&#038;HotelID=114062&#038;DateIn=07\/08\/2026&#038;DateOut=07\/10\/2026&#038;LanguageID=es&#038;Rooms=1#\/datesofstay\">https:\/\/bookings.ciudadlogrono.com\/114062?Adults=2&#038;Children=None&#038;discount=aede26&#038;HotelID=114062&#038;DateIn=07\/08\/2026&#038;DateOut=07\/10\/2026&#038;LanguageID=es&#038;Rooms=1#\/datesofstay<\/a><\/p>\n<p>Para cualquier duda o consulta acerca de la reserva pueden ponerse en contacto con el hotel indicando el c\u00f3digo de descuento asignado a esta oferta: <strong>AEDE26<\/strong><\/p>\n<p>Contacto: <a href=\"mailto:hotelciudad@pretur.com\">hotelciudad@pretur.com<\/a><\/p>\n<h1><strong>Otras opciones de alojamiento<\/strong><\/h1>\n<p>Adem\u00e1s de los hoteles anteriores, existe una <strong>amplia oferta de hoteles y alojamientos tur\u00edsticos<\/strong> en la ciudad.<\/p>\n<p>Tambi\u00e9n se dispone de las siguientes <strong>residencias<\/strong> (m\u00e1s pr\u00f3ximas a la Universidad):<\/p>\n<ul>\n<li><strong>Residencia Micampus<\/strong><br \/>\n<a href=\"mailto:logrono@micampusliving.com\">logrono@micampusliving.com<\/a> | 941 278400 \/ 610 131585, Paseo del Prior, 103, 26004 Logro\u00f1o<\/li>\n<li><strong>Residencia Francisco Jord\u00e1n<\/strong><br \/>\n<a href=\"mailto:residenciajordan@gmail.con\">residenciajordan@gmail.con<\/a>, 667 61 42 79, Paseo del Prior, 6, 26004 Logro\u00f1o<\/li>\n<\/ul>\n","protected":false},"excerpt":{"rendered":"<p>A continuaci\u00f3n se ofrece informaci\u00f3n sobre algunos hoteles de Logro\u00f1o para los asistentes al Congreso de AEDE. En algunos casos existen ofertas especiales para los participantes, que se indican en cada hotel. Dado que durante esas fechas coinciden otros eventos en la ciudad, lo que incrementa la demanda hotelera y los precios, se recomienda realizar&#8230; <\/p>\n<div class=\"clear\"><\/div>\n<p><a href=\"https:\/\/2026.economicsofeducation.com\/es\/hoteles\/\" class=\"gdlr-info-font excerpt-read-more\">Read More<\/a><\/p>\n","protected":false},"author":421,"featured_media":0,"parent":0,"menu_order":90,"comment_status":"closed","ping_status":"closed","template":"","meta":{"footnotes":""},"class_list":["post-11","page","type-page","status-publish","hentry"],"_links":{"self":[{"href":"https:\/\/2026.economicsofeducation.com\/es\/wp-json\/wp\/v2\/pages\/11","targetHints":{"allow":["GET"]}}],"collection":[{"href":"https:\/\/2026.economicsofeducation.com\/es\/wp-json\/wp\/v2\/pages"}],"about":[{"href":"https:\/\/2026.economicsofeducation.com\/es\/wp-json\/wp\/v2\/types\/page"}],"author":[{"embeddable":true,"href":"https:\/\/2026.economicsofeducation.com\/es\/wp-json\/wp\/v2\/users\/421"}],"replies":[{"embeddable":true,"href":"https:\/\/2026.economicsofeducation.com\/es\/wp-json\/wp\/v2\/comments?post=11"}],"version-history":[{"count":12,"href":"https:\/\/2026.economicsofeducation.com\/es\/wp-json\/wp\/v2\/pages\/11\/revisions"}],"predecessor-version":[{"id":5729,"href":"https:\/\/2026.economicsofeducation.com\/es\/wp-json\/wp\/v2\/pages\/11\/revisions\/5729"}],"wp:attachment":[{"href":"https:\/\/2026.economicsofeducation.com\/es\/wp-json\/wp\/v2\/media?parent=11"}],"curies":[{"name":"wp","href":"https:\/\/api.w.org\/{rel}","templated":true}]}}